{"id":83,"date":"2020-04-16T15:19:53","date_gmt":"2020-04-16T15:19:53","guid":{"rendered":"https:\/\/www.kdasesores.es\/?page_id=83"},"modified":"2025-03-06T14:46:11","modified_gmt":"2025-03-06T14:46:11","slug":"asesoria-fiscal-y-contable","status":"publish","type":"page","link":"https:\/\/www.kdasesores.es\/index.php\/el-nuevo-umoma-abre-sus-puertas-2\/asesoria-fiscal-y-contable\/","title":{"rendered":"Asesor\u00eda Fiscal y Contable"},"content":{"rendered":"\n<p><\/p>\n\n\n\n<p><\/p>\n\n\n\n<div class=\"wp-block-group\"><div class=\"wp-block-group__inner-container is-layout-constrained wp-block-group-is-layout-constrained\">\n<p>Los profesionales de KD Asesores &#8230;..<\/p>\n\n\n\n<p>Conocemos la dificultad  que supone dirigir un negocio, por este motivo seremos su apoyo en las obligaciones fiscales y tributarias &#8230;.<\/p>\n\n\n\n<p><\/p>\n\n\n\n<p><strong>Nuestros servicios como asesor\u00eda fiscal  son:<\/strong><\/p>\n\n\n\n<ul class=\"wp-block-list\">\n<li>Asesoramiento acerca de cuestiones relacionadas con la administraci\u00f3n y gesti\u00f3n de la empresa.<\/li>\n\n\n\n<li>Asesoramiento a emprendedores.<\/li>\n\n\n\n<li>Alta y baja de la actividad econ\u00f3mica en la Agencia Tributaria y en la Seguridad Social.<\/li>\n\n\n\n<li>Elecci\u00f3n de la forma jur\u00eddica que debe adoptar una empresa (Sociedad Limitada, Sociedad An\u00f3nima, etc.).<\/li>\n\n\n\n<li>Representaci\u00f3n frente a un tribunal o la Agencia Tributaria en procesos fiscales.<\/li>\n\n\n\n<li>Contabilidad.<\/li>\n\n\n\n<li>N\u00f3minas y salarios.<\/li>\n\n\n\n<li>Elaboraci\u00f3n de balances e informes contables como el&nbsp;balance de situaci\u00f3n y la cuenta de p\u00e9rdidas y ganancias.<\/li>\n\n\n\n<li>Amortizaciones.<\/li>\n\n\n\n<li>Declaraciones fiscales peri\u00f3dicas (modelo 303, modelo 130, modelo 131, modelo 111, modelo 115, etc.).<\/li>\n<\/ul>\n<\/div><\/div>\n","protected":false},"excerpt":{"rendered":"<p>Los profesionales de KD Asesores &#8230;.. Conocemos la dificultad que supone dirigir un negocio, por este motivo seremos su apoyo en las obligaciones fiscales y tributarias &#8230;. Nuestros servicios como asesor\u00eda fiscal son:<\/p>\n","protected":false},"author":1,"featured_media":0,"parent":7,"menu_order":0,"comment_status":"closed","ping_status":"closed","template":"","meta":{"footnotes":""},"yst_prominent_words":[],"class_list":["post-83","page","type-page","status-publish","hentry"],"_links":{"self":[{"href":"https:\/\/www.kdasesores.es\/index.php\/wp-json\/wp\/v2\/pages\/83","targetHints":{"allow":["GET"]}}],"collection":[{"href":"https:\/\/www.kdasesores.es\/index.php\/wp-json\/wp\/v2\/pages"}],"about":[{"href":"https:\/\/www.kdasesores.es\/index.php\/wp-json\/wp\/v2\/types\/page"}],"author":[{"embeddable":true,"href":"https:\/\/www.kdasesores.es\/index.php\/wp-json\/wp\/v2\/users\/1"}],"replies":[{"embeddable":true,"href":"https:\/\/www.kdasesores.es\/index.php\/wp-json\/wp\/v2\/comments?post=83"}],"version-history":[{"count":8,"href":"https:\/\/www.kdasesores.es\/index.php\/wp-json\/wp\/v2\/pages\/83\/revisions"}],"predecessor-version":[{"id":285,"href":"https:\/\/www.kdasesores.es\/index.php\/wp-json\/wp\/v2\/pages\/83\/revisions\/285"}],"up":[{"embeddable":true,"href":"https:\/\/www.kdasesores.es\/index.php\/wp-json\/wp\/v2\/pages\/7"}],"wp:attachment":[{"href":"https:\/\/www.kdasesores.es\/index.php\/wp-json\/wp\/v2\/media?parent=83"}],"wp:term":[{"taxonomy":"yst_prominent_words","embeddable":true,"href":"https:\/\/www.kdasesores.es\/index.php\/wp-json\/wp\/v2\/yst_prominent_words?post=83"}],"curies":[{"name":"wp","href":"https:\/\/api.w.org\/{rel}","templated":true}]}}