{"id":131,"date":"2020-05-01T06:59:14","date_gmt":"2020-05-01T06:59:14","guid":{"rendered":"https:\/\/www.kdasesores.es\/?page_id=131"},"modified":"2020-05-01T10:26:58","modified_gmt":"2020-05-01T10:26:58","slug":"herencias","status":"publish","type":"page","link":"https:\/\/www.kdasesores.es\/index.php\/herencias\/","title":{"rendered":"Herencias y donaciones"},"content":{"rendered":"\n<p class=\"has-text-align-left\">Te ayudamos a  afrontar la sucesi\u00f3n hereditaria que, adem\u00e1s de las formalismos fiscales y administrativos,  sobre las que no solemos estar familiarizados, nos vemos obligados a gestionar  situaciones que nos afectan por la p\u00e9rdida de un ser querido y, en algunos casos, conflictos familiares entre los  legatarios del finado derivadas de la distribuci\u00f3n o el destino de los bienes a percibir.<\/p>\n\n\n\n<p>Nuestros servicios le aseguran sus ventajas fiscales tanto en herencias como en  donaciones, elaborando un estudio personalizado.<\/p>\n\n\n\n<p>As\u00ed mismo, obtenemos y gestionamos toda la documentaci\u00f3n requerida para liquidar el Impuesto de Sucesiones y su posterior inscripci\u00f3n en los Registros P\u00fablicos se realice con la m\u00e1xima eficacia:<\/p>\n\n\n\n<ul class=\"wp-block-list\"><li>Solicitud de Certificado de Defunci\u00f3n.<\/li><li>Solicitud de Certificado de \u00daltimas Voluntades.<\/li><li>Solicitud del Certificado del Registro General de Contratos de Seguros de cobertura de fallecimiento.<\/li><li>Relaci\u00f3n de  bienes hereditarios y reparto de  la masa hereditaria mediante el otorgamiento ante Notario de escritura p\u00fablica de aceptaci\u00f3n y adjudicaci\u00f3n de herencias.<\/li><li>Liquidaci\u00f3n del Impuesto de Sucesiones.<\/li><li>Plusval\u00edas municipales.<\/li><li>Inscripci\u00f3n en los Registros P\u00fablicos.<\/li><\/ul>\n\n\n\n<p><\/p>\n","protected":false},"excerpt":{"rendered":"<p>Te ayudamos a afrontar la sucesi\u00f3n hereditaria que, adem\u00e1s de las formalismos fiscales y administrativos, sobre las que no solemos estar familiarizados, nos vemos obligados a gestionar situaciones que nos afectan por la p\u00e9rdida de un ser querido y, en algunos casos, conflictos familiares entre los legatarios del finado derivadas de la distribuci\u00f3n o el<\/p>\n","protected":false},"author":1,"featured_media":0,"parent":0,"menu_order":0,"comment_status":"closed","ping_status":"closed","template":"","meta":{"footnotes":""},"yst_prominent_words":[],"class_list":["post-131","page","type-page","status-publish","hentry"],"_links":{"self":[{"href":"https:\/\/www.kdasesores.es\/index.php\/wp-json\/wp\/v2\/pages\/131","targetHints":{"allow":["GET"]}}],"collection":[{"href":"https:\/\/www.kdasesores.es\/index.php\/wp-json\/wp\/v2\/pages"}],"about":[{"href":"https:\/\/www.kdasesores.es\/index.php\/wp-json\/wp\/v2\/types\/page"}],"author":[{"embeddable":true,"href":"https:\/\/www.kdasesores.es\/index.php\/wp-json\/wp\/v2\/users\/1"}],"replies":[{"embeddable":true,"href":"https:\/\/www.kdasesores.es\/index.php\/wp-json\/wp\/v2\/comments?post=131"}],"version-history":[{"count":2,"href":"https:\/\/www.kdasesores.es\/index.php\/wp-json\/wp\/v2\/pages\/131\/revisions"}],"predecessor-version":[{"id":145,"href":"https:\/\/www.kdasesores.es\/index.php\/wp-json\/wp\/v2\/pages\/131\/revisions\/145"}],"wp:attachment":[{"href":"https:\/\/www.kdasesores.es\/index.php\/wp-json\/wp\/v2\/media?parent=131"}],"wp:term":[{"taxonomy":"yst_prominent_words","embeddable":true,"href":"https:\/\/www.kdasesores.es\/index.php\/wp-json\/wp\/v2\/yst_prominent_words?post=131"}],"curies":[{"name":"wp","href":"https:\/\/api.w.org\/{rel}","templated":true}]}}