{"id":113,"date":"2020-04-17T09:45:19","date_gmt":"2020-04-17T09:45:19","guid":{"rendered":"https:\/\/www.kdasesores.es\/?page_id=113"},"modified":"2023-12-12T14:56:18","modified_gmt":"2023-12-12T14:56:18","slug":"asesoria-laboral","status":"publish","type":"page","link":"https:\/\/www.kdasesores.es\/index.php\/el-nuevo-umoma-abre-sus-puertas-2\/asesoria-laboral\/","title":{"rendered":"Asesor\u00eda Laboral"},"content":{"rendered":"\n<p>Ofrecemos soporte y asesoramiento laboral a los clientes, con \u00e9xito contrastado. Nuestra asesor\u00eda cubrir\u00e1 cualquier aspecto del \u00e1mbito laboral de tu empresa o actividad.<\/p>\n\n\n\n<p><strong><span style=\"color:#0029a3\" class=\"has-inline-color\">Gesti\u00f3n n\u00f3minas y Seguridad Social<\/span><\/strong><\/p>\n\n\n\n<ul class=\"wp-block-list\"><li>Elaboraci\u00f3n y gesti\u00f3n de n\u00f3minas.<\/li><li>Contratos y bonificaciones.<\/li><li>Seguros sociales.<\/li><li>C\u00e1lculo de retenciones y presentaci\u00f3n de impuestos.<\/li><\/ul>\n\n\n\n<p><strong><span style=\"color:#0024a3\" class=\"has-inline-color\">Asesoramiento laboral<\/span><\/strong><\/p>\n\n\n\n<ul class=\"wp-block-list\"><li>Despidos.<\/li><li>ERE y ERTE.<\/li><li>Inspecciones de trabajo.<\/li><li>Contratos de alta direcci\u00f3n.<\/li><li>Prestaciones de Seguridad Social.<\/li><li>Jubilaciones.<\/li><li>Incapacidades.<\/li><\/ul>\n\n\n\n<p><strong><span style=\"color:#0033a3\" class=\"has-inline-color\">Consultor\u00eda jur\u00eddico-laboral<\/span><\/strong><\/p>\n\n\n\n<p>Nuestros asesores hacen posible que el cliente se sienta atendido en todo momento, con la inmediatez que \u00e9ste \u00e1mbito del Derecho requiere, realizando una labor de an\u00e1lisis constante de todos aquellos aspectos que son susceptibles de mejora dentro de la organizaci\u00f3n de la empresa. De tal forma que nos adelantamos a sus necesidades y hacemos, en definitiva, que su empresa sea m\u00e1s productiva a nivel laboral.<\/p>\n\n\n\n<p><strong><span style=\"color:#0024a3\" class=\"has-inline-color\">Extranjer\u00eda<\/span><\/strong><\/p>\n\n\n\n<ul class=\"wp-block-list\"><li>Gesti\u00f3n de nuevos permisos.<\/li><li>Pr\u00f3rrogas.<\/li><li>Obtenci\u00f3n nacionalidad.<\/li><\/ul>\n","protected":false},"excerpt":{"rendered":"<p>Ofrecemos soporte y asesoramiento laboral a los clientes, con \u00e9xito contrastado. Nuestra asesor\u00eda cubrir\u00e1 cualquier aspecto del \u00e1mbito laboral de tu empresa o actividad. Gesti\u00f3n n\u00f3minas y Seguridad Social Elaboraci\u00f3n y gesti\u00f3n de n\u00f3minas. Contratos y bonificaciones. Seguros sociales. C\u00e1lculo de retenciones y presentaci\u00f3n de impuestos. Asesoramiento laboral Despidos. ERE y ERTE. Inspecciones de trabajo.<\/p>\n","protected":false},"author":1,"featured_media":0,"parent":7,"menu_order":1,"comment_status":"closed","ping_status":"closed","template":"","meta":{"footnotes":""},"yst_prominent_words":[],"class_list":["post-113","page","type-page","status-publish","hentry"],"_links":{"self":[{"href":"https:\/\/www.kdasesores.es\/index.php\/wp-json\/wp\/v2\/pages\/113","targetHints":{"allow":["GET"]}}],"collection":[{"href":"https:\/\/www.kdasesores.es\/index.php\/wp-json\/wp\/v2\/pages"}],"about":[{"href":"https:\/\/www.kdasesores.es\/index.php\/wp-json\/wp\/v2\/types\/page"}],"author":[{"embeddable":true,"href":"https:\/\/www.kdasesores.es\/index.php\/wp-json\/wp\/v2\/users\/1"}],"replies":[{"embeddable":true,"href":"https:\/\/www.kdasesores.es\/index.php\/wp-json\/wp\/v2\/comments?post=113"}],"version-history":[{"count":3,"href":"https:\/\/www.kdasesores.es\/index.php\/wp-json\/wp\/v2\/pages\/113\/revisions"}],"predecessor-version":[{"id":141,"href":"https:\/\/www.kdasesores.es\/index.php\/wp-json\/wp\/v2\/pages\/113\/revisions\/141"}],"up":[{"embeddable":true,"href":"https:\/\/www.kdasesores.es\/index.php\/wp-json\/wp\/v2\/pages\/7"}],"wp:attachment":[{"href":"https:\/\/www.kdasesores.es\/index.php\/wp-json\/wp\/v2\/media?parent=113"}],"wp:term":[{"taxonomy":"yst_prominent_words","embeddable":true,"href":"https:\/\/www.kdasesores.es\/index.php\/wp-json\/wp\/v2\/yst_prominent_words?post=113"}],"curies":[{"name":"wp","href":"https:\/\/api.w.org\/{rel}","templated":true}]}}